{"id":21214,"date":"2020-10-11T16:44:28","date_gmt":"2020-10-11T14:44:28","guid":{"rendered":"http:\/\/optimaconsult.de\/?page_id=21214"},"modified":"2021-09-06T07:52:11","modified_gmt":"2021-09-06T05:52:11","slug":"agb","status":"publish","type":"page","link":"https:\/\/optimaconsult.de\/?page_id=21214","title":{"rendered":"AGB"},"content":{"rendered":"<p>[et_pb_section fb_built=&#8220;1&#8243; _builder_version=&#8220;4.6.5&#8243; _module_preset=&#8220;default&#8220;][et_pb_row use_custom_gutter=&#8220;on&#8220; gutter_width=&#8220;2&#8243; make_equal=&#8220;on&#8220; _builder_version=&#8220;3.29.3&#8243; width=&#8220;90%&#8220; width_tablet=&#8220;90%&#8220; width_phone=&#8220;90%&#8220; width_last_edited=&#8220;on|phone&#8220; max_width=&#8220;1170px&#8220; max_width_tablet=&#8220;90%&#8220; max_width_phone=&#8220;90%&#8220; max_width_last_edited=&#8220;on|tablet&#8220; custom_padding=&#8220;||4px|||&#8220;][et_pb_column type=&#8220;4_4&#8243; _builder_version=&#8220;3.29.3&#8243; custom_padding=&#8220;|42px|||false|false&#8220; custom_padding_tablet=&#8220;|0px|||false|false&#8220; custom_padding_phone=&#8220;|0px|||false|false&#8220; custom_padding_last_edited=&#8220;on|phone&#8220;][et_pb_text _builder_version=&#8220;4.6.5&#8243; header_2_font=&#8220;Prata||||||||&#8220; header_2_text_color=&#8220;#42474c&#8220; header_2_font_size=&#8220;36px&#8220; header_2_line_height=&#8220;1.4em&#8220; custom_margin=&#8220;12px||||false|false&#8220; custom_margin_tablet=&#8220;-10px||||false|false&#8220; custom_margin_phone=&#8220;-10px||||false|false&#8220; custom_margin_last_edited=&#8220;on|phone&#8220; header_2_font_size_tablet=&#8220;&#8220; header_2_font_size_phone=&#8220;25px&#8220; header_2_font_size_last_edited=&#8220;on|phone&#8220;]<\/p>\n<h2 style=\"text-align: center;\">Allgemeine Gesch\u00e4ftsbedingungen (AGB)<\/h2>\n<p>[\/et_pb_text][et_pb_divider color=&#8220;#c7ab83&#8243; _builder_version=&#8220;4.6.5&#8243; max_width=&#8220;100px&#8220; module_alignment=&#8220;center&#8220; custom_margin=&#8220;-16px||||false|false&#8220; custom_margin_tablet=&#8220;-26px||||false|false&#8220; custom_margin_phone=&#8220;-26px||||false|false&#8220; custom_margin_last_edited=&#8220;on|phone&#8220;][\/et_pb_divider][et_pb_text _builder_version=&#8220;4.6.5&#8243; text_font=&#8220;Roboto Condensed||||||||&#8220; text_text_color=&#8220;#666666&#8243; text_font_size=&#8220;15px&#8220; text_line_height=&#8220;1.8em&#8220; custom_margin=&#8220;-12px||||false|false&#8220; custom_margin_tablet=&#8220;-22px||||false|false&#8220; custom_margin_phone=&#8220;-22px||||false|false&#8220; custom_margin_last_edited=&#8220;on|phone&#8220; hover_enabled=&#8220;0&#8243; sticky_enabled=&#8220;0&#8243;]<\/p>\n<h3 style=\"text-align: center;\">Gesch\u00e4ftsmodell Verkauf und Vermittlung von Immobilien<\/h3>\n<p style=\"text-align: center;\">Optima-Consult Immobilien \u00a0tritt mit einem neuartigen Dienstleistungskonzept auf und ist als Vermittler zwischen K\u00e4ufer und Verk\u00e4ufer von Neubau- und Bestandsimmobilien t\u00e4tig. Die klassische Maklert\u00e4tigkeit, die Betreuung der Interessenten \u00fcber ein eigenes Vertriebspartnernetz sowie<br \/>der eigene Internetauftritt sind Teil des Dienstleistungsangebots von Optima-Consult Immobilien.<\/p>\n<h3 style=\"text-align: center;\">\u00a0<\/h3>\n<h3 style=\"text-align: center;\">\u00a7 1 Geltungsbereich<\/h3>\n<p style=\"text-align: center;\">(1) Der Geltungsbereich dieser Allgemeinen Gesch\u00e4ftsbedingungen umfasst alle Dienstleistungen<br \/>der Optima-Consult Immobilien, die durch eine Auftragserteilung eines Kunden \u00fcber die Webseite www.optima-consult.de angefragt wurden. Ferner sind diese AGBs Bestandteil aller Vertr\u00e4ge,<br \/>die die Optima-Consult Immobilien mit einem K\u00e4ufer bzw. Verk\u00e4ufer eines Objektes (nachfolgend<br \/>\u201eKunde\u201c genannt), \u00fcber die angebotenen Dienstleistungen schlie\u00dft.<\/p>\n<h3 style=\"text-align: center;\">\u00a0<\/h3>\n<h3 style=\"text-align: center;\">\u00a7 2 Haftungsausschluss\/ Informationspflicht\/sperrung\/fristlose K\u00fcndigung<\/h3>\n<p style=\"text-align: center;\">(1) Die Haftung hinsichtlich der inhaltlichen Richtigkeit der ver\u00f6ffentlichten oder an den Kunden \u00fcbermittelten Daten der Objekte, ist auf vors\u00e4tzliches Handeln oder grobe Fahrl\u00e4ssigkeit beschr\u00e4nkt.<br \/>(2) F\u00fcr keine der vertraglichen Leistungen sichert die Optima-Consult Immobilien einen definitiven Vermittlungs-Erfolg, eine bestimmte Anzahl der Expos\u00e9-Aufrufe oder eine bestimmte Werbewirksamkeit zu.<br \/>(3) Der Inhalt der externen Verkehrswertermittlung liegt nicht in der Verantwortung der Optima-Consult Immobilien. Es besteht keine Bindung an den ermittelten Verkehrswert weder durch Optima-Consult Immobilien noch durch den Kunden. Ausschlie\u00dflich der Kunde legt den im Expos\u00e9 angegebenen Verkaufspreis fest.<br \/>(4) Es besteht eine Informationspflicht f\u00fcr den Kunden, jede \u00c4nderung welche die Beschaffenheit, die Nutzung des Objektes rechtlicher oder tats\u00e4chlicher Art, direkt oder mittelbar betreffend, unverz\u00fcglich Optima-Consult Immobilien anzuzeigen bzw. eine selbst\u00e4ndige Aktualisierung der Daten vorzunehmen.<br \/>(5) Widerspricht ein Angebot durch die Angaben des Kunden den gesetzlichen Vorschriften oder werden Rechte Dritter dadurch verletzt, oder wenn Optima-Consult Immobilien ein sonstiges berechtigtes Interesse hat, kann das Online-Angebot mit sofortiger Wirkung gesperrt werden und\/oder das Vertragsverh\u00e4ltnis fristlos gek\u00fcndigt werden.<\/p>\n<h3 style=\"text-align: center;\">\u00a0<\/h3>\n<h3 style=\"text-align: center;\">\u00a7 3 Urheber- und Schutzrechte<\/h3>\n<p style=\"text-align: center;\">(1) Alle Inhalte und Daten der Datenbank und der Webseite www.optima-consult.de unterliegen der Schutzrechte der Optima-Consult Immobilien, soweit nicht dem jeweiligen Kunden diese Schutzrechte zustehen.<br \/>(2) Die Nutzung des Firmenlogos steht ausschlie\u00dflich der Optima-Consult Immobilien\u00a0 zu.<\/p>\n<h3 style=\"text-align: center;\">\u00a0<\/h3>\n<h3 style=\"text-align: center;\">\u00a7 4 Datenschutzhinweis<\/h3>\n<p style=\"text-align: center;\">(1) Die vom Kunden an Optima-Consult Immobilien weitergeleiteten Daten werden vertraulich behandelt und nicht an andere Unternehmen f\u00fcr unternehmensfremde Werbung oder Marktforschungszwecke weitergegeben. Newsletter der Optima-Consult Immobilien sind davon ausgenommen.<br \/>(2) Nur im Rahmen der Vermittlungst\u00e4tigkeit werden die Daten des Kunden gespeichert und verarbeitet. Der Kunde stimmt der Erhebung, Verarbeitung und Nutzung seiner personenbezogenen Daten ausdr\u00fccklich zu.<br \/>(3) Die Einwilligung zur Speicherung und zweckgerichteten Nutzung der Daten kann der Kunde jederzeit schriftlich oder durch \u00dcbersendung einer E-Mail an info@optima-consult.de widerrufen.<\/p>\n<h3 style=\"text-align: center;\">\u00a0<\/h3>\n<h3 style=\"text-align: center;\">\u00a7 5 Verschwiegenheitspflicht<\/h3>\n<p style=\"text-align: center;\">(1) Es ist dem Kunden untersagt, \u00fcbermittelte Daten von Optima-Consult Immobilien an Dritte weiterzugeben.<\/p>\n<h3 style=\"text-align: center;\">\u00a0<\/h3>\n<h3 style=\"text-align: center;\">\u00a7 6 AGB \u00c4nderung<\/h3>\n<p style=\"text-align: center;\">(1) Die \u00c4nderung dieser AGB beh\u00e4lt sich die Optima-Consult Immobilien jederzeit und ohne Nennung<br \/>von Gr\u00fcnden vor. Der Kunde erh\u00e4lt die ge\u00e4nderten Bedingungen sp\u00e4testens 2 Wochen vor Inkrafttreten per E-Mail \u00fcbermittelt. Erfolgt kein Widerspruch seitens des Kunden innerhalb von zwei Wochen nach Empfang der E-Mail, ist eine Annahme der neu vereinbarten AGBs erfolgt.<\/p>\n<h3 style=\"text-align: center;\">\u00a0<\/h3>\n<h3 style=\"text-align: center;\">\u00a7 7 Gerichtsstand und Erf\u00fcllungsort<\/h3>\n<p style=\"text-align: center;\">(1) Ist der Kunde Vollkaufmann oder eine juristische Person des \u00f6ffentlichen Rechts, so ist f\u00fcr alle sich aus dem Vertragsverh\u00e4ltnis ergebenden Streitigkeiten der Gerichtsstand Esslingen\/Neckar. Dies gilt ebenso, wenn der Kunde keinen allgemeinen Gerichtsstand im Inland hat oder nach Vertragsabschluss seinen gew\u00f6hnlichen Aufenthaltsort aus dem Inland verlegt, soweit im internationalen Gerichtsabkommen nichts anderes geregelt ist.<br \/>(2) Erf\u00fcllungsort ist der Gesch\u00e4ftssitz der Optima-Consult Immobilien.<\/p>\n<h3 style=\"text-align: center;\">\u00a0<\/h3>\n<h3 style=\"text-align: center;\">\u00a7 8 Widerrufsbelehrung<\/h3>\n<p style=\"text-align: center;\">(1) Jeder Verbraucher im Sinne des \u00a7 13 BGB hat das Recht, das Vertragsverh\u00e4ltnis ohne Angabe von Gr\u00fcnden innerhalb von 14 Tagen in Textform, per Brief, per Fax oder per E-Mail gegen\u00fcber Optima-Consult Immobilien unter der angegebenen Gesch\u00e4ftsadresse:<br \/>Optima-Consult Immobilien<br \/>Gesch\u00e4ftsf\u00fchrung:Ioan Marian<br \/>Burgweg 3<br \/>73257 K\u00f6ngen<\/p>\n<p style=\"text-align: center;\">per E-Mail-Adresse info@optima-consult.de zu widerrufen.<br \/>(1) Die Frist beginnt nach Erhalt dieser ordnungsgem\u00e4\u00dfen Belehrung in Textform, fr\u00fchestens aber mit Datum des Vertragsbeginns. Zur Wahrung der Widerrufsfrist gen\u00fcgt die rechtzeitige Absendung des Widerrufs. Wird die Belehrung nach Vertragsschluss mitgeteilt, betr\u00e4gt die Frist einen Monat.<\/p>\n<h3 style=\"text-align: center;\">\u00a0<\/h3>\n<h3 style=\"text-align: center;\">\u00a7 9 Widerrufsfolgen<\/h3>\n<p style=\"text-align: center;\">(1) Im Falle eines wirksamen Widerrufs sind die beiderseits empfangenen Leistungen wechselseitig zur\u00fcckzugew\u00e4hren und gegebenenfalls gezogene Nutzungen (z.B. Gebrauchs-vorteile) herauszugeben. Im Falle eines wirksamen Widerrufs eines Verbrauchers im Sinne des \u00a7 13 BGB sind die beiderseits empfangenen Leistungen zur\u00fcckzugew\u00e4hren und ggf. gezogene Nutzungen (z. B. Zinsen) herauszugeben.<br \/>(2) Verpflichtungen zur Erstattung von Zahlungen m\u00fcssen innerhalb von 30 Tagen erf\u00fcllt werden. Die Frist beginnt mit der Absendung der Widerrufserkl\u00e4rung, f\u00fcr Optima-Consult Immobilien mit deren Empfang.<\/p>\n<h3 style=\"text-align: center;\">\u00a0<\/h3>\n<h3 style=\"text-align: center;\">\u00a7 10 Besondere Hinweise<\/h3>\n<p style=\"text-align: center;\">Das Widerrufsrecht erlischt vorzeitig, wenn mit der Ausf\u00fchrung der Dienstleistung mit der ausdr\u00fccklichen Zustimmung vor Ende der Widerrufsfrist begonnen wurde (z.B. durch Einstellen von Daten der Immobilie in der Datenbank von Optima-Consult Immobilien ) oder diese selbst durch den Auftraggeber veranlasst wurden (z. B. durch Download etc.).<\/p>\n<h3 style=\"text-align: center;\">\u00a0<\/h3>\n<h3 style=\"text-align: center;\">\u00a7 11 Geltendes Recht<\/h3>\n<p style=\"text-align: center;\">(12) Es gilt das Recht der Bundesrepublik Deutschland. Bei Verbrauchern, die den Vertrag nicht zu beruflichen oder gewerblichen Zwecken abschlie\u00dfen, gilt dieses Recht nur insoweit, wie sie in dem Staat, in dem sie ihren gew\u00f6hnlichen Aufenthalt haben, nicht durch zwingende Bestimmungen des Rechts dieses Staates besser gestellt werden.<\/p>\n<h3 style=\"text-align: center;\">\u00a0<\/h3>\n<h3 style=\"text-align: center;\">\u00a7 12 Salvatorische Klausel<\/h3>\n<p style=\"text-align: center;\">(2) Sollten einzelne Bestimmungen des Vertrages mit dem Kunden einschlie\u00dflich dieser allgemeinen Gesch\u00e4ftsbedingungen ganz oder teilweise unwirksam sein oder werden, so wird hierdurch die G\u00fcltigkeit der \u00fcbrigen Bestimmungen nicht ber\u00fchrt. Die ganz oder teilweise unwirksame Regelung soll durch eine Regelung ersetzt werden, deren wirtschaftlicher Erfolg dem der unwirksamen m\u00f6glichst nahe kommt.<\/p>\n<h3 style=\"text-align: center;\">\u00a0<\/h3>\n<h3 style=\"text-align: center;\">\u00a0<\/h3>\n<p style=\"text-align: center;\">\n[\/et_pb_text][\/et_pb_column][\/et_pb_row][\/et_pb_section]<\/p>\n","protected":false},"excerpt":{"rendered":"<p>[et_pb_section fb_built=&#8220;1&#8243; _builder_version=&#8220;4.6.5&#8243; _module_preset=&#8220;default&#8220;][et_pb_row use_custom_gutter=&#8220;on&#8220; gutter_width=&#8220;2&#8243; make_equal=&#8220;on&#8220; _builder_version=&#8220;3.29.3&#8243; width=&#8220;90%&#8220; width_tablet=&#8220;90%&#8220; width_phone=&#8220;90%&#8220; width_last_edited=&#8220;on|phone&#8220; max_width=&#8220;1170px&#8220; max_width_tablet=&#8220;90%&#8220; max_width_phone=&#8220;90%&#8220; max_width_last_edited=&#8220;on|tablet&#8220; custom_padding=&#8220;||4px|||&#8220;][et_pb_column type=&#8220;4_4&#8243; _builder_version=&#8220;3.29.3&#8243; custom_padding=&#8220;|42px|||false|false&#8220; custom_padding_tablet=&#8220;|0px|||false|false&#8220; custom_padding_phone=&#8220;|0px|||false|false&#8220; custom_padding_last_edited=&#8220;on|phone&#8220;][et_pb_text _builder_version=&#8220;4.6.5&#8243; header_2_font=&#8220;Prata||||||||&#8220; header_2_text_color=&#8220;#42474c&#8220; header_2_font_size=&#8220;36px&#8220; header_2_line_height=&#8220;1.4em&#8220; custom_margin=&#8220;12px||||false|false&#8220; custom_margin_tablet=&#8220;-10px||||false|false&#8220; custom_margin_phone=&#8220;-10px||||false|false&#8220; custom_margin_last_edited=&#8220;on|phone&#8220; header_2_font_size_tablet=&#8220;&#8220; header_2_font_size_phone=&#8220;25px&#8220; header_2_font_size_last_edited=&#8220;on|phone&#8220;] Allgemeine Gesch\u00e4ftsbedingungen (AGB) [\/et_pb_text][et_pb_divider color=&#8220;#c7ab83&#8243; _builder_version=&#8220;4.6.5&#8243; max_width=&#8220;100px&#8220; module_alignment=&#8220;center&#8220; custom_margin=&#8220;-16px||||false|false&#8220; custom_margin_tablet=&#8220;-26px||||false|false&#8220; custom_margin_phone=&#8220;-26px||||false|false&#8220; custom_margin_last_edited=&#8220;on|phone&#8220;][\/et_pb_divider][et_pb_text _builder_version=&#8220;4.6.5&#8243; text_font=&#8220;Roboto Condensed||||||||&#8220; text_text_color=&#8220;#666666&#8243; text_font_size=&#8220;15px&#8220; text_line_height=&#8220;1.8em&#8220; custom_margin=&#8220;-12px||||false|false&#8220; custom_margin_tablet=&#8220;-22px||||false|false&#8220; [&hellip;]<\/p>\n","protected":false},"author":1,"featured_media":0,"parent":0,"menu_order":0,"comment_status":"closed","ping_status":"closed","template":"","meta":{"_et_pb_use_builder":"on","_et_pb_old_content":"","_et_gb_content_width":"","footnotes":""},"aioseo_notices":[],"_links":{"self":[{"href":"https:\/\/optimaconsult.de\/index.php?rest_route=\/wp\/v2\/pages\/21214"}],"collection":[{"href":"https:\/\/optimaconsult.de\/index.php?rest_route=\/wp\/v2\/pages"}],"about":[{"href":"https:\/\/optimaconsult.de\/index.php?rest_route=\/wp\/v2\/types\/page"}],"author":[{"embeddable":true,"href":"https:\/\/optimaconsult.de\/index.php?rest_route=\/wp\/v2\/users\/1"}],"replies":[{"embeddable":true,"href":"https:\/\/optimaconsult.de\/index.php?rest_route=%2Fwp%2Fv2%2Fcomments&post=21214"}],"version-history":[{"count":10,"href":"https:\/\/optimaconsult.de\/index.php?rest_route=\/wp\/v2\/pages\/21214\/revisions"}],"predecessor-version":[{"id":21485,"href":"https:\/\/optimaconsult.de\/index.php?rest_route=\/wp\/v2\/pages\/21214\/revisions\/21485"}],"wp:attachment":[{"href":"https:\/\/optimaconsult.de\/index.php?rest_route=%2Fwp%2Fv2%2Fmedia&parent=21214"}],"curies":[{"name":"wp","href":"https:\/\/api.w.org\/{rel}","templated":true}]}}